{"id":3724,"date":"2019-02-27T15:50:36","date_gmt":"2019-02-27T14:50:36","guid":{"rendered":"https:\/\/designstories.pl\/privacy\/"},"modified":"2022-04-04T11:06:24","modified_gmt":"2022-04-04T09:06:24","slug":"privacy-policy","status":"publish","type":"page","link":"https:\/\/designstories.pl\/en\/privacy-policy\/","title":{"rendered":"Privacy Policy"},"content":{"rendered":"\t\t<div data-elementor-type=\"wp-page\" data-elementor-id=\"3724\" class=\"elementor elementor-3724 elementor-323\">\n\t\t\t\t\t\t\t\t\t<section class=\"has_ae_slider elementor-section elementor-top-section elementor-element elementor-element-67539d5 elementor-section-boxed elementor-section-height-default elementor-section-height-default ae-bg-gallery-type-default\" data-id=\"67539d5\" data-element_type=\"section\">\n\t\t\t\t\t\t<div class=\"elementor-container elementor-column-gap-default\">\n\t\t\t\t\t<div class=\"has_ae_slider elementor-column elementor-col-100 elementor-top-column elementor-element elementor-element-1f5e8b7 ae-bg-gallery-type-default\" data-id=\"1f5e8b7\" data-element_type=\"column\">\n\t\t\t<div class=\"elementor-widget-wrap elementor-element-populated\">\n\t\t\t\t\t\t\t\t<div class=\"elementor-element elementor-element-15497ed elementor-widget elementor-widget-heading\" data-id=\"15497ed\" data-element_type=\"widget\" data-widget_type=\"heading.default\">\n\t\t\t\t<div class=\"elementor-widget-container\">\n\t\t\t<h3 class=\"elementor-heading-title elementor-size-default\">Privacy Policy<\/h3>\t\t<\/div>\n\t\t\t\t<\/div>\n\t\t\t\t\t<\/div>\n\t\t<\/div>\n\t\t\t\t\t\t\t<\/div>\n\t\t<\/section>\n\t\t\t\t<section class=\"has_ae_slider elementor-section elementor-top-section elementor-element elementor-element-27e3b59 elementor-section-boxed elementor-section-height-default elementor-section-height-default ae-bg-gallery-type-default\" data-id=\"27e3b59\" data-element_type=\"section\">\n\t\t\t\t\t\t<div class=\"elementor-container elementor-column-gap-default\">\n\t\t\t\t\t<div class=\"has_ae_slider elementor-column elementor-col-100 elementor-top-column elementor-element elementor-element-14b83c1 ae-bg-gallery-type-default\" data-id=\"14b83c1\" data-element_type=\"column\">\n\t\t\t<div class=\"elementor-widget-wrap elementor-element-populated\">\n\t\t\t\t\t\t\t\t<div class=\"elementor-element elementor-element-0b6713a elementor-widget elementor-widget-text-editor\" data-id=\"0b6713a\" data-element_type=\"widget\" data-widget_type=\"text-editor.default\">\n\t\t\t\t<div class=\"elementor-widget-container\">\n\t\t\t\t\t\t\t<p><span style=\"font-weight: 400;\">INTERPRETATION<\/span><\/p><p><span style=\"font-weight: 400;\">designstories.pl \u2013 Sylwia Iwa\u0144ska Studio Design Stories<\/span><\/p><p><span style=\"font-weight: 400;\">Website &#8211; an internet platform operating in the designstories.pl domain;<\/span><\/p><p><span style=\"font-weight: 400;\">Client &#8211; the person(s), firm or company who purchases the Goods from designstories.pl<\/span><\/p><p><span style=\"font-weight: 400;\">Service &#8211; an item available on the Website which is the subject of the Sales Agreement between the Customer and Sylwia Iwa\u0144ska Studio Design Stories;<\/span><\/p><p><span style=\"font-weight: 400;\">Service &#8211; paid functionality available on the Website, not of a material nature, being the subject of the Agreement between the Customer and Sylwia Iwa\u0144ska Studio Design Stories;<\/span><\/p><p><span style=\"font-weight: 400;\">Contract &#8211; any contract between designstories.pl\u00a0 and the Client for the sale and purchase of the Goods, incorporating these Conditions; and \u201cProducts\u201d any products agreed in the Contract to be supplied to the Client by the Company<\/span><\/p><p><span style=\"font-weight: 400;\">Electronic service &#8211; a service provided electronically by Sylwia Iwa\u0144ska Studio Design Stories for the Client via the Website<\/span><\/p><p>\u00a0<\/p><p><span style=\"font-weight: 400;\">PERSONAL DATA ADMINISTRATOR<\/span><\/p><p><span style=\"font-weight: 400;\">The administrator of personal data within the meaning of the Regulation of the European Parliament and of the Council (EU) of 27 April 2016 is Sylwia Iwanska Studio Design Stories.<\/span><\/p><p><span style=\"font-weight: 400;\">Sylwia Iwanska Studio Design Stories is committed to safeguarding your personal information. Whenever you provide such information, we are legally obliged to use your information in line with all laws concerning the protection of personal information.<\/span><\/p><p><span style=\"font-weight: 400;\">Sylwia Iwanska Studio Design Stories website may contain hyperlinks to websites owned and operated by third parties. These third party websites have their own privacy policies, and are also likely to use cookies, and we therefore urge you to review them. They will govern the use of personal information you submit, which may also be collected by cookies whilst visiting these websites. We do not accept any responsibility or liability for the privacy practices of such third party websites and your use of such websites is at your own risk.<\/span><\/p><p>\u00a0<\/p><p><span style=\"font-weight: 400;\">WHAT INFORMATION WILL SYLWIA IWANSKA STUDIO DESIGN STORIES COLLECT<\/span><\/p><p><span style=\"font-weight: 400;\">Sylwia Iwa\u0144ska Studio Design Stories will use your personal information for a number of purposes including the following:<\/span><\/p><p><span style=\"font-weight: 400;\">to provide our services, activities or online content and to deal with your requests and enquiries;<\/span><\/p><p><span style=\"font-weight: 400;\">for &#8220;service administration purposes&#8221;, which means that Sylwia Iwa\u0144ska Studio Design Stories may contact you for reasons related to the service, activity or online content you have signed up for,;<\/span><\/p><p><span style=\"font-weight: 400;\">to contact you about a submission you have made, including any content you provide.\u00a0<\/span><\/p><p><span style=\"font-weight: 400;\">to provide you with information about our services, activities or online content;<\/span><\/p><p><span style=\"font-weight: 400;\">to analyse and improve the services offered Sylwia Iwa\u0144ska Studio Design Stories website;<\/span><\/p><p><span style=\"font-weight: 400;\">to provide you with the most user-friendly navigation experience Sylwia Iwa\u0144ska Studio Design Stories may also use and disclose information in aggregate (so that no individuals are identified) for marketing and strategic development purposes;\u00a0<\/span><\/p><p><span style=\"font-weight: 400;\">Where Sylwia Iwa\u0144ska Studio Design Stories proposes using your personal information for any other uses we will ensure that we notify you first. You will also be given the opportunity to withhold or withdraw your consent for the use of your personal information for purposes other than those listed above.<\/span><\/p><p>\u00a0<\/p><p><span style=\"font-weight: 400;\">HOW LONG WILL SYLWIA IWANSKA STUDIO DESIGN STORIES KEEP MY PERSONAL INFORMATION?<\/span><\/p><p><span style=\"font-weight: 400;\">We will hold your personal information on our systems for as long as is necessary for the relevant activity, or as long as is set out in any relevant contract you hold with the Sylwia Iwa\u0144ska Studio Design Stories.<\/span><\/p><p>\u00a0<\/p><p><span style=\"font-weight: 400;\">WILL SYLWIA IWANSKA STUDIO DESIGN STORIES SHARE MY PERSONAL INFORMATION WITH ANYONE ELSE?<\/span><\/p><p><span style=\"font-weight: 400;\">We will keep your information confidential except where disclosure is required or permitted by law (for example to government bodies and law enforcement agencies) or as described in section below. Generally, we will only use your information within Sylwia Iwa\u0144ska Studio Design Stories. However, sometimes Sylwia Iwa\u0144ska Studio Design Stories uses third parties to process your information on our behalf. Sylwia Iwa\u0144ska Studio Design Stories requires these third parties to comply strictly with its instructions and Sylwia Iwa\u0144ska Studio Design Stories requires that they do not use your personal information for their own business purposes, unless you have explicitly consented to the use of your personal information in this way.<\/span><\/p><p>\u00a0<\/p><p><span style=\"font-weight: 400;\">OFFENSIVE OR INAPPROPRIATE CONTENT ON SYLWIA IWANSKA STUDIO DESIGN STORIES WEBSITE<\/span><\/p><p><span style=\"font-weight: 400;\">If you post or send offensive, inappropriate or objectionable content anywhere on or to Sylwia Iwa\u0144ska Studio Design Stories website or otherwise engage in any disruptive behaviour on any Sylwia Iwa\u0144ska Studio Design Stories service, Sylwia Iwa\u0144ska Studio Design Stories may use your personal information to stop such behaviour.<\/span><\/p><p><span style=\"font-weight: 400;\">Where Sylwia Iwa\u0144ska Studio Design Stories reasonably believes that you are or may be in breach of any applicable laws (e.g. because content you have posted may be defamatory), Sylwia Iwa\u0144ska Studio Design Stories may use your personal information to inform relevant third parties such as your employer, email\/internet provider or law enforcement agencies about the content and your behaviour.<\/span><\/p><p>\u00a0<\/p><p><span style=\"font-weight: 400;\">COOKIES POLICY \u2013 INFORMATION SYLWIA IWANSKA STUDIO DESIGN STORIES COLLECTS FROM YOU<\/span><\/p><p><span style=\"font-weight: 400;\">What is a cookie?<\/span><\/p><p><span style=\"font-weight: 400;\">A cookie is a small amount of data, which often includes a unique identifier that is sent to your computer, tablet or mobile phone (referred to here as a &#8220;device&#8221;) browser from a website&#8217;s computer and is stored on your device&#8217;s hard drive. Each website can send its own cookie to your browser if your browser&#8217;s preferences allow it, but (to protect your privacy) your browser only permits a website to access the cookies it has already sent to you, not the cookies sent to you by other websites. Many websites do this whenever a user visits their website in order to track online traffic flows.<\/span><\/p><p><span style=\"font-weight: 400;\">On Sylwia Iwa\u0144ska Studio Design Stories website, cookies record information about your online preferences and allow us to tailor our websites to your interests.<\/span><\/p><p>\u00a0<\/p><p><span style=\"font-weight: 400;\">HOW DOES SYLWIA IWANSKA STUDIO DESIGN STORIES USE COOKIES?<\/span><\/p><p><span style=\"font-weight: 400;\">Information supplied by cookies can help us to analyse the profile of our visitors and help us to provide you with a better user experience. For example, if on a previous visit you went to particular product pages, we might find this out from your cookie and highlight other relevant product information on your second and subsequent visits. Sylwia Iwa\u0144ska Studio Design Stories uses this type of information to help improve the services and products it provides to its users. All third parties are strictly required not to use any information for their own business or other purposes.<\/span><\/p><p>\u00a0<\/p><p><span style=\"font-weight: 400;\">THIRD PARTY COOKIES IN EMBEDDED CONTENT ON SYLWIA IWANSKA STUDIO DESIGN STORIES PAGES<\/span><\/p><p><span style=\"font-weight: 400;\">Please note that during your visits to Sylwia Iwa\u0144ska Studio Design Stories websites you may notice some cookies that are not related to Sylwia Iwa\u0144ska Studio Design Stories or Sylwia Iwa\u0144ska Studio Design Stories\u2019 contractors. When you visit a page with content embedded from, for example, YouTube, you may be presented with cookies from these websites. Sylwia Iwa\u0144ska Studio Design Stories does not control the dissemination of these cookies. You should check the third party websites for more information about these.\u00a0<\/span><\/p><p>\u00a0<\/p><p><span style=\"font-weight: 400;\">SYLWIA IWANSKA STUDIO DESIGN STORIES COOKIES AND HOW TO REJECT COOKIES<\/span><\/p><p><span style=\"font-weight: 400;\">If you wish to control what cookies are set on your device through Sylwia Iwa\u0144ska Studio Design Stories you can set the appropriate settings (rights) for these files in the settings window of your web browser<\/span><\/p><p><span style=\"font-weight: 400;\">It is important to note that if you change your settings and block certain cookies, this means that certain personalised features cannot then be provided and accordingly you may not be able to take full advantage of all of the websites&#8217; features.<\/span><\/p><p><br \/><br \/><\/p><p><span style=\"font-weight: 400;\">CONTACTING SYLWIA IWANSKA STUDIO DESIGN STORIES ABOUT THIS PRIVACY POLICY<\/span><\/p><p><span style=\"font-weight: 400;\">If you any questions or comments about this Privacy Policy please contact:<\/span><\/p><p><span style=\"font-weight: 400;\">biuro@designstories.pl<\/span><\/p><p><span style=\"font-weight: 400;\">\u0141od\u017a, ul. Zachodnia 70, lok. 423<\/span><\/p><p><br \/><br \/><br \/><\/p>\t\t\t\t\t\t<\/div>\n\t\t\t\t<\/div>\n\t\t\t\t\t<\/div>\n\t\t<\/div>\n\t\t\t\t\t\t\t<\/div>\n\t\t<\/section>\n\t\t\t\t\t\t\t<\/div>\n\t\t","protected":false},"excerpt":{"rendered":"<p>INTERPRETATION designstories.pl \u2013 Sylwia Iwa\u0144ska Studio Design Stories Website &#8211; an internet platform operating in the designstories.pl domain; Client &#8211; the person(s), firm or company who purchases the Goods from designstories.pl Service &#8211; an item available on the Website which is the subject of the Sales Agreement between the Customer and Sylwia Iwa\u0144ska Studio Design &hellip;<\/p>\n<p class=\"read-more\"> <a class=\"\" href=\"https:\/\/designstories.pl\/en\/privacy-policy\/\"> <span class=\"screen-reader-text\">Privacy Policy<\/span> Read More &raquo;<\/a><\/p>\n","protected":false},"author":1,"featured_media":0,"parent":0,"menu_order":0,"comment_status":"closed","ping_status":"closed","template":"","meta":{"inline_featured_image":false,"site-sidebar-layout":"no-sidebar","site-content-layout":"page-builder","ast-global-header-display":"","ast-main-header-display":"","ast-hfb-above-header-display":"","ast-hfb-below-header-display":"","ast-hfb-mobile-header-display":"","site-post-title":"disabled","ast-breadcrumbs-content":"","ast-featured-img":"disabled","footer-sml-layout":"","theme-transparent-header-meta":"default","adv-header-id-meta":"","stick-header-meta":"default","header-above-stick-meta":"","header-main-stick-meta":"","header-below-stick-meta":""},"acf":[],"_links":{"self":[{"href":"https:\/\/designstories.pl\/en\/wp-json\/wp\/v2\/pages\/3724"}],"collection":[{"href":"https:\/\/designstories.pl\/en\/wp-json\/wp\/v2\/pages"}],"about":[{"href":"https:\/\/designstories.pl\/en\/wp-json\/wp\/v2\/types\/page"}],"author":[{"embeddable":true,"href":"https:\/\/designstories.pl\/en\/wp-json\/wp\/v2\/users\/1"}],"replies":[{"embeddable":true,"href":"https:\/\/designstories.pl\/en\/wp-json\/wp\/v2\/comments?post=3724"}],"version-history":[{"count":5,"href":"https:\/\/designstories.pl\/en\/wp-json\/wp\/v2\/pages\/3724\/revisions"}],"predecessor-version":[{"id":3729,"href":"https:\/\/designstories.pl\/en\/wp-json\/wp\/v2\/pages\/3724\/revisions\/3729"}],"wp:attachment":[{"href":"https:\/\/designstories.pl\/en\/wp-json\/wp\/v2\/media?parent=3724"}],"curies":[{"name":"wp","href":"https:\/\/api.w.org\/{rel}","templated":true}]}}